{"id":86,"date":"2025-08-07T10:33:10","date_gmt":"2025-08-07T13:33:10","guid":{"rendered":"https:\/\/campusvirtual.unt.edu.ar\/?page_id=86"},"modified":"2025-10-28T11:42:38","modified_gmt":"2025-10-28T14:42:38","slug":"contactanos","status":"publish","type":"page","link":"https:\/\/campusvirtual.unt.edu.ar\/?page_id=86","title":{"rendered":"Cont\u00e1ctanos"},"content":{"rendered":"\t\t<div data-elementor-type=\"wp-page\" data-elementor-id=\"86\" class=\"elementor elementor-86\">\n\t\t\t\t<div class=\"elementor-element elementor-element-b6238bc e-flex e-con-boxed e-con e-parent\" data-id=\"b6238bc\" data-element_type=\"container\">\n\t\t\t\t\t<div class=\"e-con-inner\">\n\t\t\t\t\t<\/div>\n\t\t\t\t<\/div>\n\t\t<div class=\"elementor-element elementor-element-6ae9da5 e-flex e-con-boxed e-con e-parent\" data-id=\"6ae9da5\" data-element_type=\"container\">\n\t\t\t\t\t<div class=\"e-con-inner\">\n\t\t<div class=\"elementor-element elementor-element-b00baed e-con-full e-flex e-con e-child\" data-id=\"b00baed\" data-element_type=\"container\">\n\t\t\t\t<div class=\"elementor-element elementor-element-e3073f2 elementor-widget elementor-widget-text-editor\" data-id=\"e3073f2\" data-element_type=\"widget\" data-widget_type=\"text-editor.default\">\n\t\t\t\t\t\t\t\t\t<h2 class=\"wp-block-heading\">Contacto<\/h2><p><!-- \/wp:heading --><\/p><p><!-- wp:paragraph --><\/p><p><strong>DIRECCI\u00d3N<\/strong><\/p><p>Calle Batalla de Ayacucho 471<\/p><p>CP: T4000IQG<\/p><p>San Miguel de Tucum\u00e1n, Tucum\u00e1n, Argentina.\u00a0<\/p><p><strong>HORARIO DE ATENCI\u00d3N<\/strong><br \/>Lunes a viernes de 8:00 a 13:00hs.<\/p><p><strong style=\"font-style: inherit;\">TEL\u00c9FONO<\/strong><\/p><p>(+54) 0381 &#8211; 4<\/p><p><!-- \/wp:paragraph --><\/p><p><!-- wp:paragraph --><\/p><p><strong>INSTAGRAM\u00a0 \u00a0 \u00a0 \u00a0 \u00a0 \u00a0 <\/strong>@campusvirtualunt<\/p><p><!-- \/wp:paragraph --><\/p><p><!-- wp:paragraph --><\/p><p><strong>FACEBOOK\u00a0 \u00a0 \u00a0 \u00a0 \u00a0 \u00a0 <\/strong><a href=\"https:\/\/www.facebook.com\/CampusVirtualUNT\/\">https:\/\/www.facebook.com\/CampusVirtualUNT\/<\/a><\/p><p><strong>TWITTER:\u00a0 \u00a0\u00a0 \u00a0\u00a0 \u00a0\u00a0 \u00a0\u00a0 <\/strong><a href=\"https:\/\/x.com\/campusvirt_unt\">https:\/\/x.com\/campusvirt_unt<\/a><\/p><p><!-- \/wp:paragraph --><\/p><p><!-- wp:paragraph --><\/p><p><strong>CORREO:\u00a0 \u00a0\u00a0<\/strong>campusvirtualunt@webmail.unt.edu.ar<\/p>\t\t\t\t\t\t\t\t<\/div>\n\t\t\t\t<div class=\"elementor-element elementor-element-3b98094 elementor-widget elementor-widget-google_maps\" data-id=\"3b98094\" data-element_type=\"widget\" data-widget_type=\"google_maps.default\">\n\t\t\t\t\t\t\t<div class=\"elementor-custom-embed\">\n\t\t\t<iframe loading=\"lazy\"\n\t\t\t\t\tsrc=\"https:\/\/maps.google.com\/maps?q=Universidad%20Nacional%20de%20Tucum%C3%A1n%2C%20San%20Miguel%20de%20Tucum%C3%A1n%2C%20Tucum%C3%A1n%2C%20Argentina&#038;t=m&#038;z=10&#038;output=embed&#038;iwloc=near\"\n\t\t\t\t\ttitle=\"Universidad Nacional de Tucum\u00e1n, San Miguel de Tucum\u00e1n, Tucum\u00e1n, Argentina\"\n\t\t\t\t\taria-label=\"Universidad Nacional de Tucum\u00e1n, San Miguel de Tucum\u00e1n, Tucum\u00e1n, Argentina\"\n\t\t\t><\/iframe>\n\t\t<\/div>\n\t\t\t\t\t\t<\/div>\n\t\t\t\t<\/div>\n\t\t<div class=\"elementor-element elementor-element-ad127ee e-con-full e-flex e-con e-child\" data-id=\"ad127ee\" data-element_type=\"container\">\n\t\t\t\t<\/div>\n\t\t\t\t\t<\/div>\n\t\t\t\t<\/div>\n\t\t\t\t<\/div>\n\t\t","protected":false},"excerpt":{"rendered":"<p>Contacto DIRECCI\u00d3N Calle Batalla de Ayacucho 471 CP: T4000IQG San Miguel de Tucum\u00e1n, Tucum\u00e1n, Argentina.\u00a0 HORARIO DE ATENCI\u00d3NLunes a viernes [&hellip;]<\/p>\n","protected":false},"author":1,"featured_media":0,"parent":0,"menu_order":0,"comment_status":"closed","ping_status":"closed","template":"","meta":{"site-sidebar-layout":"no-sidebar","site-content-layout":"","ast-site-content-layout":"full-width-container","site-content-style":"default","site-sidebar-style":"default","ast-global-header-display":"","ast-banner-title-visibility":"","ast-main-header-display":"","ast-hfb-above-header-display":"","ast-hfb-below-header-display":"","ast-hfb-mobile-header-display":"","site-post-title":"disabled","ast-breadcrumbs-content":"","ast-featured-img":"disabled","footer-sml-layout":"","theme-transparent-header-meta":"","adv-header-id-meta":"","stick-header-meta":"","header-above-stick-meta":"","header-main-stick-meta":"","header-below-stick-meta":"","astra-migrate-meta-layouts":"default","ast-page-background-enabled":"default","ast-page-background-meta":{"desktop":{"background-color":"var(--ast-global-color-5)","background-image":"","background-repeat":"repeat","background-position":"center center","background-size":"auto","background-attachment":"scroll","background-type":"","background-media":"","overlay-type":"","overlay-color":"","overlay-opacity":"","overlay-gradient":""},"tablet":{"background-color":"","background-image":"","background-repeat":"repeat","background-position":"center center","background-size":"auto","background-attachment":"scroll","background-type":"","background-media":"","overlay-type":"","overlay-color":"","overlay-opacity":"","overlay-gradient":""},"mobile":{"background-color":"","background-image":"","background-repeat":"repeat","background-position":"center center","background-size":"auto","background-attachment":"scroll","background-type":"","background-media":"","overlay-type":"","overlay-color":"","overlay-opacity":"","overlay-gradient":""}},"ast-content-background-meta":{"desktop":{"background-color":"var(--ast-global-color-4)","background-image":"","background-repeat":"repeat","background-position":"center center","background-size":"auto","background-attachment":"scroll","background-type":"","background-media":"","overlay-type":"","overlay-color":"","overlay-opacity":"","overlay-gradient":""},"tablet":{"background-color":"var(--ast-global-color-4)","background-image":"","background-repeat":"repeat","background-position":"center center","background-size":"auto","background-attachment":"scroll","background-type":"","background-media":"","overlay-type":"","overlay-color":"","overlay-opacity":"","overlay-gradient":""},"mobile":{"background-color":"var(--ast-global-color-4)","background-image":"","background-repeat":"repeat","background-position":"center center","background-size":"auto","background-attachment":"scroll","background-type":"","background-media":"","overlay-type":"","overlay-color":"","overlay-opacity":"","overlay-gradient":""}},"footnotes":""},"class_list":["post-86","page","type-page","status-publish","hentry"],"_links":{"self":[{"href":"https:\/\/campusvirtual.unt.edu.ar\/index.php?rest_route=\/wp\/v2\/pages\/86","targetHints":{"allow":["GET"]}}],"collection":[{"href":"https:\/\/campusvirtual.unt.edu.ar\/index.php?rest_route=\/wp\/v2\/pages"}],"about":[{"href":"https:\/\/campusvirtual.unt.edu.ar\/index.php?rest_route=\/wp\/v2\/types\/page"}],"author":[{"embeddable":true,"href":"https:\/\/campusvirtual.unt.edu.ar\/index.php?rest_route=\/wp\/v2\/users\/1"}],"replies":[{"embeddable":true,"href":"https:\/\/campusvirtual.unt.edu.ar\/index.php?rest_route=%2Fwp%2Fv2%2Fcomments&post=86"}],"version-history":[{"count":10,"href":"https:\/\/campusvirtual.unt.edu.ar\/index.php?rest_route=\/wp\/v2\/pages\/86\/revisions"}],"predecessor-version":[{"id":187,"href":"https:\/\/campusvirtual.unt.edu.ar\/index.php?rest_route=\/wp\/v2\/pages\/86\/revisions\/187"}],"wp:attachment":[{"href":"https:\/\/campusvirtual.unt.edu.ar\/index.php?rest_route=%2Fwp%2Fv2%2Fmedia&parent=86"}],"curies":[{"name":"wp","href":"https:\/\/api.w.org\/{rel}","templated":true}]}}