{"id":80,"date":"2025-08-07T10:32:05","date_gmt":"2025-08-07T13:32:05","guid":{"rendered":"https:\/\/campusvirtual.unt.edu.ar\/?page_id=80"},"modified":"2025-10-30T11:53:36","modified_gmt":"2025-10-30T14:53:36","slug":"quienes-somos","status":"publish","type":"page","link":"https:\/\/campusvirtual.unt.edu.ar\/","title":{"rendered":"Quienes Somos"},"content":{"rendered":"\t\t<div data-elementor-type=\"wp-page\" data-elementor-id=\"80\" class=\"elementor elementor-80\">\n\t\t\t\t<div class=\"elementor-element elementor-element-4733559 e-flex e-con-boxed e-con e-parent\" data-id=\"4733559\" data-element_type=\"container\">\n\t\t\t\t\t<div class=\"e-con-inner\">\n\t\t\t\t<div class=\"elementor-element elementor-element-91dc407 elementor-widget elementor-widget-heading\" data-id=\"91dc407\" data-element_type=\"widget\" data-widget_type=\"heading.default\">\n\t\t\t\t\t<h2 class=\"elementor-heading-title elementor-size-default\">Nuestros Inicios<\/h2>\t\t\t\t<\/div>\n\t\t\t\t\t<\/div>\n\t\t\t\t<\/div>\n\t\t<div class=\"elementor-element elementor-element-5072290 e-grid e-con-boxed e-con e-parent\" data-id=\"5072290\" data-element_type=\"container\">\n\t\t\t\t\t<div class=\"e-con-inner\">\n\t\t\t\t<div class=\"elementor-element elementor-element-af4a3b3 elementor-widget elementor-widget-text-editor\" data-id=\"af4a3b3\" data-element_type=\"widget\" data-widget_type=\"text-editor.default\">\n\t\t\t\t\t\t\t\t\t<p>La Direcci\u00f3n de campus Virtual se gesta desde el a\u00f1o 2006, con el &#8230;<\/p><p>Pero no fue sino hasta el a\u00f1o 2010 donde se concret\u00f3 la habilitaci\u00f3n del Centro de Capacitaci\u00f3n para docentes en la casa del estudiante, con el fin de poner en marcha la Primera etapa del Proyecto que implic\u00f3 dar comienzo a la capacitaci\u00f3n y entrenamiento en Tecnolog\u00edas Educativas mediado por las nuevas tecnolog\u00edas de educaci\u00f3n a distancia.<\/p>\t\t\t\t\t\t\t\t<\/div>\n\t\t\t\t<div class=\"elementor-element elementor-element-cf9a9c6 elementor-widget elementor-widget-image\" data-id=\"cf9a9c6\" data-element_type=\"widget\" data-widget_type=\"image.default\">\n\t\t\t\t\t\t\t\t\t\t\t\t\t\t\t<img decoding=\"async\" src=\"https:\/\/campusvirtual.unt.edu.ar\/wp-content\/uploads\/2025\/08\/recorte-diario-unt.png\" title=\"recorte diario unt\" alt=\"recorte diario unt\" loading=\"lazy\" \/>\t\t\t\t\t\t\t\t\t\t\t\t\t\t\t<\/div>\n\t\t\t\t\t<\/div>\n\t\t\t\t<\/div>\n\t\t<div class=\"elementor-element elementor-element-39c1f64 e-grid e-con-boxed e-con e-parent\" data-id=\"39c1f64\" data-element_type=\"container\">\n\t\t\t\t\t<div class=\"e-con-inner\">\n\t\t\t\t<div class=\"elementor-element elementor-element-700a9a5 elementor-widget elementor-widget-heading\" data-id=\"700a9a5\" data-element_type=\"widget\" data-widget_type=\"heading.default\">\n\t\t\t\t\t<h2 class=\"elementor-heading-title elementor-size-default\">Autoridades<\/h2>\t\t\t\t<\/div>\n\t\t\t\t<div class=\"elementor-element elementor-element-cd8d099 elementor-widget elementor-widget-image\" data-id=\"cd8d099\" data-element_type=\"widget\" data-widget_type=\"image.default\">\n\t\t\t\t\t\t\t\t\t\t\t\t\t\t\t<img decoding=\"async\" width=\"150\" height=\"150\" src=\"https:\/\/campusvirtual.unt.edu.ar\/wp-content\/uploads\/2025\/10\/Diseno-sin-titulo-3-150x150.png\" class=\"attachment-thumbnail size-thumbnail wp-image-245\" alt=\"\" srcset=\"https:\/\/campusvirtual.unt.edu.ar\/wp-content\/uploads\/2025\/10\/Diseno-sin-titulo-3-150x150.png 150w, https:\/\/campusvirtual.unt.edu.ar\/wp-content\/uploads\/2025\/10\/Diseno-sin-titulo-3-300x300.png 300w, https:\/\/campusvirtual.unt.edu.ar\/wp-content\/uploads\/2025\/10\/Diseno-sin-titulo-3.png 500w\" sizes=\"(max-width: 150px) 100vw, 150px\" \/>\t\t\t\t\t\t\t\t\t\t\t\t\t\t\t<\/div>\n\t\t\t\t<div class=\"elementor-element elementor-element-a515722 elementor-widget elementor-widget-text-editor\" data-id=\"a515722\" data-element_type=\"widget\" data-widget_type=\"text-editor.default\">\n\t\t\t\t\t\t\t\t\t<p><strong>Mg. Lic. Garc\u00eda Luis Fernando\u00a0Marino<\/strong><\/p>\t\t\t\t\t\t\t\t<\/div>\n\t\t\t\t\t<\/div>\n\t\t\t\t<\/div>\n\t\t<div class=\"elementor-element elementor-element-e3fee51 e-flex e-con-boxed e-con e-parent\" data-id=\"e3fee51\" data-element_type=\"container\">\n\t\t\t\t\t<div class=\"e-con-inner\">\n\t\t\t\t<div class=\"elementor-element elementor-element-9b235f5 elementor-widget elementor-widget-heading\" data-id=\"9b235f5\" data-element_type=\"widget\" data-widget_type=\"heading.default\">\n\t\t\t\t\t<h2 class=\"elementor-heading-title elementor-size-default\">Equipo de Trabajo<\/h2>\t\t\t\t<\/div>\n\t\t\t\t\t<\/div>\n\t\t\t\t<\/div>\n\t\t<div class=\"elementor-element elementor-element-6ba8c71 e-grid e-con-full e-con e-parent\" data-id=\"6ba8c71\" data-element_type=\"container\">\n\t\t<div class=\"elementor-element elementor-element-32ed982 e-grid e-con-full e-con e-child\" data-id=\"32ed982\" data-element_type=\"container\">\n\t\t\t\t<div class=\"elementor-element elementor-element-c98bd03 elementor-widget elementor-widget-image\" data-id=\"c98bd03\" data-element_type=\"widget\" data-widget_type=\"image.default\">\n\t\t\t\t\t\t\t\t\t\t\t\t\t\t\t<img decoding=\"async\" width=\"150\" height=\"150\" src=\"https:\/\/campusvirtual.unt.edu.ar\/wp-content\/uploads\/2025\/08\/avatar-foto-150x150.png\" class=\"attachment-thumbnail size-thumbnail wp-image-121\" alt=\"\" srcset=\"https:\/\/campusvirtual.unt.edu.ar\/wp-content\/uploads\/2025\/08\/avatar-foto-150x150.png 150w, https:\/\/campusvirtual.unt.edu.ar\/wp-content\/uploads\/2025\/08\/avatar-foto-300x300.png 300w, https:\/\/campusvirtual.unt.edu.ar\/wp-content\/uploads\/2025\/08\/avatar-foto.png 500w\" sizes=\"(max-width: 150px) 100vw, 150px\" \/>\t\t\t\t\t\t\t\t\t\t\t\t\t\t\t<\/div>\n\t\t\t\t<div class=\"elementor-element elementor-element-b593e65 elementor-widget elementor-widget-text-editor\" data-id=\"b593e65\" data-element_type=\"widget\" data-widget_type=\"text-editor.default\">\n\t\t\t\t\t\t\t\t\t<p>Lic. Prof. Silvina Noem\u00ed Feldman<\/p>\t\t\t\t\t\t\t\t<\/div>\n\t\t\t\t<\/div>\n\t\t<div class=\"elementor-element elementor-element-7b38015 e-grid e-con-full e-con e-child\" data-id=\"7b38015\" data-element_type=\"container\">\n\t\t\t\t<div class=\"elementor-element elementor-element-e0a45c0 elementor-widget elementor-widget-image\" data-id=\"e0a45c0\" data-element_type=\"widget\" data-widget_type=\"image.default\">\n\t\t\t\t\t\t\t\t\t\t\t\t\t\t\t<img decoding=\"async\" width=\"150\" height=\"150\" src=\"https:\/\/campusvirtual.unt.edu.ar\/wp-content\/uploads\/2025\/08\/avatar-foto-2-150x150.png\" class=\"attachment-thumbnail size-thumbnail wp-image-132\" alt=\"\" srcset=\"https:\/\/campusvirtual.unt.edu.ar\/wp-content\/uploads\/2025\/08\/avatar-foto-2-150x150.png 150w, https:\/\/campusvirtual.unt.edu.ar\/wp-content\/uploads\/2025\/08\/avatar-foto-2-300x300.png 300w, https:\/\/campusvirtual.unt.edu.ar\/wp-content\/uploads\/2025\/08\/avatar-foto-2.png 500w\" sizes=\"(max-width: 150px) 100vw, 150px\" \/>\t\t\t\t\t\t\t\t\t\t\t\t\t\t\t<\/div>\n\t\t\t\t<div class=\"elementor-element elementor-element-ac17aa6 elementor-widget elementor-widget-text-editor\" data-id=\"ac17aa6\" data-element_type=\"widget\" data-widget_type=\"text-editor.default\">\n\t\t\t\t\t\t\t\t\t<p>Luciano Eduardo Jorrat<\/p>\t\t\t\t\t\t\t\t<\/div>\n\t\t\t\t<\/div>\n\t\t<div class=\"elementor-element elementor-element-36c91b3 e-grid e-con-full e-con e-child\" data-id=\"36c91b3\" data-element_type=\"container\">\n\t\t\t\t<div class=\"elementor-element elementor-element-57481a6 elementor-widget elementor-widget-image\" data-id=\"57481a6\" data-element_type=\"widget\" data-widget_type=\"image.default\">\n\t\t\t\t\t\t\t\t\t\t\t\t\t\t\t<img loading=\"lazy\" decoding=\"async\" width=\"150\" height=\"150\" src=\"https:\/\/campusvirtual.unt.edu.ar\/wp-content\/uploads\/2025\/08\/avatar-foto-3-150x150.png\" class=\"attachment-thumbnail size-thumbnail wp-image-133\" alt=\"\" srcset=\"https:\/\/campusvirtual.unt.edu.ar\/wp-content\/uploads\/2025\/08\/avatar-foto-3-150x150.png 150w, https:\/\/campusvirtual.unt.edu.ar\/wp-content\/uploads\/2025\/08\/avatar-foto-3-300x300.png 300w, https:\/\/campusvirtual.unt.edu.ar\/wp-content\/uploads\/2025\/08\/avatar-foto-3.png 500w\" sizes=\"(max-width: 150px) 100vw, 150px\" \/>\t\t\t\t\t\t\t\t\t\t\t\t\t\t\t<\/div>\n\t\t\t\t<div class=\"elementor-element elementor-element-0578eec elementor-widget elementor-widget-text-editor\" data-id=\"0578eec\" data-element_type=\"widget\" data-widget_type=\"text-editor.default\">\n\t\t\t\t\t\t\t\t\t<p>Lic. Prof. Laquihuanaco Ferro Gisela Soledad<\/p>\t\t\t\t\t\t\t\t<\/div>\n\t\t\t\t<\/div>\n\t\t<div class=\"elementor-element elementor-element-364e653 e-grid e-con-full e-con e-child\" data-id=\"364e653\" data-element_type=\"container\">\n\t\t\t\t<div class=\"elementor-element elementor-element-1c05870 elementor-widget elementor-widget-image\" data-id=\"1c05870\" data-element_type=\"widget\" data-widget_type=\"image.default\">\n\t\t\t\t\t\t\t\t\t\t\t\t\t\t\t<img loading=\"lazy\" decoding=\"async\" width=\"150\" height=\"150\" src=\"https:\/\/campusvirtual.unt.edu.ar\/wp-content\/uploads\/2025\/08\/avatar-foto-1-150x150.png\" class=\"attachment-thumbnail size-thumbnail wp-image-127\" alt=\"\" srcset=\"https:\/\/campusvirtual.unt.edu.ar\/wp-content\/uploads\/2025\/08\/avatar-foto-1-150x150.png 150w, https:\/\/campusvirtual.unt.edu.ar\/wp-content\/uploads\/2025\/08\/avatar-foto-1-300x300.png 300w, https:\/\/campusvirtual.unt.edu.ar\/wp-content\/uploads\/2025\/08\/avatar-foto-1.png 500w\" sizes=\"(max-width: 150px) 100vw, 150px\" \/>\t\t\t\t\t\t\t\t\t\t\t\t\t\t\t<\/div>\n\t\t\t\t<div class=\"elementor-element elementor-element-ece9338 elementor-widget elementor-widget-text-editor\" data-id=\"ece9338\" data-element_type=\"widget\" data-widget_type=\"text-editor.default\">\n\t\t\t\t\t\t\t\t\t<p>Ing. Carla Marisol Mar\u00eda<\/p>\t\t\t\t\t\t\t\t<\/div>\n\t\t\t\t<\/div>\n\t\t<div class=\"elementor-element elementor-element-12857ff e-grid e-con-full e-con e-child\" data-id=\"12857ff\" data-element_type=\"container\">\n\t\t\t\t<div class=\"elementor-element elementor-element-8fb3b73 elementor-widget elementor-widget-image\" data-id=\"8fb3b73\" data-element_type=\"widget\" data-widget_type=\"image.default\">\n\t\t\t\t\t\t\t\t\t\t\t\t\t\t\t<img loading=\"lazy\" decoding=\"async\" width=\"150\" height=\"150\" src=\"https:\/\/campusvirtual.unt.edu.ar\/wp-content\/uploads\/2025\/08\/3-1-150x150.png\" class=\"attachment-thumbnail size-thumbnail wp-image-115\" alt=\"\" srcset=\"https:\/\/campusvirtual.unt.edu.ar\/wp-content\/uploads\/2025\/08\/3-1-150x150.png 150w, https:\/\/campusvirtual.unt.edu.ar\/wp-content\/uploads\/2025\/08\/3-1-300x300.png 300w, https:\/\/campusvirtual.unt.edu.ar\/wp-content\/uploads\/2025\/08\/3-1.png 500w\" sizes=\"(max-width: 150px) 100vw, 150px\" \/>\t\t\t\t\t\t\t\t\t\t\t\t\t\t\t<\/div>\n\t\t\t\t<div class=\"elementor-element elementor-element-d31d149 elementor-widget elementor-widget-text-editor\" data-id=\"d31d149\" data-element_type=\"widget\" data-widget_type=\"text-editor.default\">\n\t\t\t\t\t\t\t\t\t<p>Mar\u00eda Laura Albornoz<\/p>\t\t\t\t\t\t\t\t<\/div>\n\t\t\t\t<\/div>\n\t\t<div class=\"elementor-element elementor-element-26aa55e e-grid e-con-full e-con e-child\" data-id=\"26aa55e\" data-element_type=\"container\">\n\t\t\t\t<div class=\"elementor-element elementor-element-8f22615 elementor-widget elementor-widget-image\" data-id=\"8f22615\" data-element_type=\"widget\" data-widget_type=\"image.default\">\n\t\t\t\t\t\t\t\t\t\t\t\t\t\t\t<img loading=\"lazy\" decoding=\"async\" width=\"150\" height=\"150\" src=\"https:\/\/campusvirtual.unt.edu.ar\/wp-content\/uploads\/2025\/08\/2-150x150.png\" class=\"attachment-thumbnail size-thumbnail wp-image-114\" alt=\"\" srcset=\"https:\/\/campusvirtual.unt.edu.ar\/wp-content\/uploads\/2025\/08\/2-150x150.png 150w, https:\/\/campusvirtual.unt.edu.ar\/wp-content\/uploads\/2025\/08\/2-300x300.png 300w, https:\/\/campusvirtual.unt.edu.ar\/wp-content\/uploads\/2025\/08\/2.png 500w\" sizes=\"(max-width: 150px) 100vw, 150px\" \/>\t\t\t\t\t\t\t\t\t\t\t\t\t\t\t<\/div>\n\t\t\t\t<div class=\"elementor-element elementor-element-ec5cb48 elementor-widget elementor-widget-text-editor\" data-id=\"ec5cb48\" data-element_type=\"widget\" data-widget_type=\"text-editor.default\">\n\t\t\t\t\t\t\t\t\t<p>Pablo Santiago D\u00edaz<\/p>\t\t\t\t\t\t\t\t<\/div>\n\t\t\t\t<\/div>\n\t\t\t\t<\/div>\n\t\t<div class=\"elementor-element elementor-element-5cc737a e-flex e-con-boxed e-con e-parent\" data-id=\"5cc737a\" data-element_type=\"container\">\n\t\t\t\t\t<div class=\"e-con-inner\">\n\t\t<div class=\"elementor-element elementor-element-346a633 e-con-full e-flex e-con e-child\" data-id=\"346a633\" data-element_type=\"container\">\n\t\t\t\t<div class=\"elementor-element elementor-element-497f306 elementor-widget elementor-widget-image\" data-id=\"497f306\" data-element_type=\"widget\" data-widget_type=\"image.default\">\n\t\t\t\t\t\t\t\t\t\t\t\t\t\t\t<img loading=\"lazy\" decoding=\"async\" width=\"1166\" height=\"868\" src=\"https:\/\/campusvirtual.unt.edu.ar\/wp-content\/uploads\/2025\/08\/3-2.png\" class=\"attachment-1536x1536 size-1536x1536 wp-image-156\" alt=\"\" srcset=\"https:\/\/campusvirtual.unt.edu.ar\/wp-content\/uploads\/2025\/08\/3-2.png 1166w, https:\/\/campusvirtual.unt.edu.ar\/wp-content\/uploads\/2025\/08\/3-2-300x223.png 300w, https:\/\/campusvirtual.unt.edu.ar\/wp-content\/uploads\/2025\/08\/3-2-1024x762.png 1024w, https:\/\/campusvirtual.unt.edu.ar\/wp-content\/uploads\/2025\/08\/3-2-768x572.png 768w\" sizes=\"(max-width: 1166px) 100vw, 1166px\" \/>\t\t\t\t\t\t\t\t\t\t\t\t\t\t\t<\/div>\n\t\t\t\t<\/div>\n\t\t<div class=\"elementor-element elementor-element-68893b6 e-con-full e-flex e-con e-child\" data-id=\"68893b6\" data-element_type=\"container\">\n\t\t\t\t<div class=\"elementor-element elementor-element-08ca2e4 elementor-widget elementor-widget-text-editor\" data-id=\"08ca2e4\" data-element_type=\"widget\" data-widget_type=\"text-editor.default\">\n\t\t\t\t\t\t\t\t\t<p>Nuestra Misi\u00f3n es Facilitar y potenciar la ense\u00f1anza y el aprendizaje mediante entornos virtuales accesibles, inclusivos y de calidad, apoyando a docentes y estudiantes de la Universidad P\u00fablica de Tucum\u00e1n para ampliar el alcance y la pertinencia territorial de la educaci\u00f3n superior.<\/p>\t\t\t\t\t\t\t\t<\/div>\n\t\t\t\t<\/div>\n\t\t<div class=\"elementor-element elementor-element-42b1420 e-con-full e-flex e-con e-child\" data-id=\"42b1420\" data-element_type=\"container\">\n\t\t\t\t<div class=\"elementor-element elementor-element-a78dad9 elementor-widget elementor-widget-text-editor\" data-id=\"a78dad9\" data-element_type=\"widget\" data-widget_type=\"text-editor.default\">\n\t\t\t\t\t\t\t\t\t<p>Nuestra Visi\u00f3n es lograr ser referentes regionales en educaci\u00f3n digital p\u00fablica, promoviendo innovaci\u00f3n pedag\u00f3gica, equidad de acceso y vinculaci\u00f3n con la comunidad de Tucum\u00e1n hacia 2030.<\/p>\t\t\t\t\t\t\t\t<\/div>\n\t\t\t\t<\/div>\n\t\t<div class=\"elementor-element elementor-element-e9c8f1b e-con-full e-flex e-con e-child\" data-id=\"e9c8f1b\" data-element_type=\"container\">\n\t\t\t\t<div class=\"elementor-element elementor-element-247ae96 elementor-widget elementor-widget-image\" data-id=\"247ae96\" data-element_type=\"widget\" data-widget_type=\"image.default\">\n\t\t\t\t\t\t\t\t\t\t\t\t\t\t\t<img loading=\"lazy\" decoding=\"async\" width=\"1166\" height=\"868\" src=\"https:\/\/campusvirtual.unt.edu.ar\/wp-content\/uploads\/2025\/08\/5-1.png\" class=\"attachment-1536x1536 size-1536x1536 wp-image-158\" alt=\"\" srcset=\"https:\/\/campusvirtual.unt.edu.ar\/wp-content\/uploads\/2025\/08\/5-1.png 1166w, https:\/\/campusvirtual.unt.edu.ar\/wp-content\/uploads\/2025\/08\/5-1-300x223.png 300w, https:\/\/campusvirtual.unt.edu.ar\/wp-content\/uploads\/2025\/08\/5-1-1024x762.png 1024w, https:\/\/campusvirtual.unt.edu.ar\/wp-content\/uploads\/2025\/08\/5-1-768x572.png 768w\" sizes=\"(max-width: 1166px) 100vw, 1166px\" \/>\t\t\t\t\t\t\t\t\t\t\t\t\t\t\t<\/div>\n\t\t\t\t<\/div>\n\t\t<div class=\"elementor-element elementor-element-7bd9dff e-con-full e-flex e-con e-child\" data-id=\"7bd9dff\" data-element_type=\"container\">\n\t\t\t\t<div class=\"elementor-element elementor-element-4fd44ad elementor-widget elementor-widget-image\" data-id=\"4fd44ad\" data-element_type=\"widget\" data-widget_type=\"image.default\">\n\t\t\t\t\t\t\t\t\t\t\t\t\t\t\t<img loading=\"lazy\" decoding=\"async\" width=\"1166\" height=\"868\" src=\"https:\/\/campusvirtual.unt.edu.ar\/wp-content\/uploads\/2025\/08\/4-2.png\" class=\"attachment-1536x1536 size-1536x1536 wp-image-157\" alt=\"\" srcset=\"https:\/\/campusvirtual.unt.edu.ar\/wp-content\/uploads\/2025\/08\/4-2.png 1166w, https:\/\/campusvirtual.unt.edu.ar\/wp-content\/uploads\/2025\/08\/4-2-300x223.png 300w, https:\/\/campusvirtual.unt.edu.ar\/wp-content\/uploads\/2025\/08\/4-2-1024x762.png 1024w, https:\/\/campusvirtual.unt.edu.ar\/wp-content\/uploads\/2025\/08\/4-2-768x572.png 768w\" sizes=\"(max-width: 1166px) 100vw, 1166px\" \/>\t\t\t\t\t\t\t\t\t\t\t\t\t\t\t<\/div>\n\t\t\t\t<\/div>\n\t\t<div class=\"elementor-element elementor-element-b5aef84 e-con-full e-flex e-con e-child\" data-id=\"b5aef84\" data-element_type=\"container\">\n\t\t\t\t<div class=\"elementor-element elementor-element-210c3f9 elementor-widget elementor-widget-text-editor\" data-id=\"210c3f9\" data-element_type=\"widget\" data-widget_type=\"text-editor.default\">\n\t\t\t\t\t\t\t\t\t<p>Nuestros Valores se basan en nuestra b\u00fasqueda de excelencia en nuestros servicios:<\/p><ul><li data-start=\"2768\" data-end=\"2796\"><p data-start=\"2771\" data-end=\"2796\">Equidad y accesibilidad<\/p><\/li><li data-start=\"2797\" data-end=\"2831\"><p data-start=\"2800\" data-end=\"2831\">Calidad acad\u00e9mica y evidencia<\/p><\/li><li data-start=\"2832\" data-end=\"2876\"><p data-start=\"2835\" data-end=\"2876\">Transparencia y responsabilidad p\u00fablica<\/p><\/li><li data-start=\"2877\" data-end=\"2913\"><p data-start=\"2880\" data-end=\"2913\">Colaboraci\u00f3n interinstitucional<\/p><\/li><li data-start=\"2914\" data-end=\"2943\"><p data-start=\"2917\" data-end=\"2943\">Innovaci\u00f3n con prop\u00f3sito<\/p><\/li><li data-start=\"2944\" data-end=\"2981\"><p data-start=\"2947\" data-end=\"2981\">Respeto y enfoque en el estudiante<\/p><\/li><\/ul>\t\t\t\t\t\t\t\t<\/div>\n\t\t\t\t<\/div>\n\t\t\t\t\t<\/div>\n\t\t\t\t<\/div>\n\t\t\t\t<\/div>\n\t\t","protected":false},"excerpt":{"rendered":"<p>Nuestros Inicios La Direcci\u00f3n de campus Virtual se gesta desde el a\u00f1o 2006, con el &#8230; Pero no fue sino [&hellip;]<\/p>\n","protected":false},"author":1,"featured_media":0,"parent":0,"menu_order":0,"comment_status":"closed","ping_status":"closed","template":"","meta":{"site-sidebar-layout":"no-sidebar","site-content-layout":"","ast-site-content-layout":"full-width-container","site-content-style":"default","site-sidebar-style":"default","ast-global-header-display":"","ast-banner-title-visibility":"","ast-main-header-display":"","ast-hfb-above-header-display":"","ast-hfb-below-header-display":"","ast-hfb-mobile-header-display":"","site-post-title":"disabled","ast-breadcrumbs-content":"","ast-featured-img":"disabled","footer-sml-layout":"","theme-transparent-header-meta":"","adv-header-id-meta":"","stick-header-meta":"","header-above-stick-meta":"","header-main-stick-meta":"","header-below-stick-meta":"","astra-migrate-meta-layouts":"default","ast-page-background-enabled":"default","ast-page-background-meta":{"desktop":{"background-color":"var(--ast-global-color-5)","background-image":"","background-repeat":"repeat","background-position":"center center","background-size":"auto","background-attachment":"scroll","background-type":"","background-media":"","overlay-type":"","overlay-color":"","overlay-opacity":"","overlay-gradient":""},"tablet":{"background-color":"","background-image":"","background-repeat":"repeat","background-position":"center center","background-size":"auto","background-attachment":"scroll","background-type":"","background-media":"","overlay-type":"","overlay-color":"","overlay-opacity":"","overlay-gradient":""},"mobile":{"background-color":"","background-image":"","background-repeat":"repeat","background-position":"center center","background-size":"auto","background-attachment":"scroll","background-type":"","background-media":"","overlay-type":"","overlay-color":"","overlay-opacity":"","overlay-gradient":""}},"ast-content-background-meta":{"desktop":{"background-color":"var(--ast-global-color-4)","background-image":"","background-repeat":"repeat","background-position":"center center","background-size":"auto","background-attachment":"scroll","background-type":"","background-media":"","overlay-type":"","overlay-color":"","overlay-opacity":"","overlay-gradient":""},"tablet":{"background-color":"var(--ast-global-color-4)","background-image":"","background-repeat":"repeat","background-position":"center center","background-size":"auto","background-attachment":"scroll","background-type":"","background-media":"","overlay-type":"","overlay-color":"","overlay-opacity":"","overlay-gradient":""},"mobile":{"background-color":"var(--ast-global-color-4)","background-image":"","background-repeat":"repeat","background-position":"center center","background-size":"auto","background-attachment":"scroll","background-type":"","background-media":"","overlay-type":"","overlay-color":"","overlay-opacity":"","overlay-gradient":""}},"footnotes":""},"class_list":["post-80","page","type-page","status-publish","hentry"],"_links":{"self":[{"href":"https:\/\/campusvirtual.unt.edu.ar\/index.php?rest_route=\/wp\/v2\/pages\/80","targetHints":{"allow":["GET"]}}],"collection":[{"href":"https:\/\/campusvirtual.unt.edu.ar\/index.php?rest_route=\/wp\/v2\/pages"}],"about":[{"href":"https:\/\/campusvirtual.unt.edu.ar\/index.php?rest_route=\/wp\/v2\/types\/page"}],"author":[{"embeddable":true,"href":"https:\/\/campusvirtual.unt.edu.ar\/index.php?rest_route=\/wp\/v2\/users\/1"}],"replies":[{"embeddable":true,"href":"https:\/\/campusvirtual.unt.edu.ar\/index.php?rest_route=%2Fwp%2Fv2%2Fcomments&post=80"}],"version-history":[{"count":49,"href":"https:\/\/campusvirtual.unt.edu.ar\/index.php?rest_route=\/wp\/v2\/pages\/80\/revisions"}],"predecessor-version":[{"id":248,"href":"https:\/\/campusvirtual.unt.edu.ar\/index.php?rest_route=\/wp\/v2\/pages\/80\/revisions\/248"}],"wp:attachment":[{"href":"https:\/\/campusvirtual.unt.edu.ar\/index.php?rest_route=%2Fwp%2Fv2%2Fmedia&parent=80"}],"curies":[{"name":"wp","href":"https:\/\/api.w.org\/{rel}","templated":true}]}}